{"id":63499,"date":"2024-05-03T12:58:00","date_gmt":"2024-05-03T10:58:00","guid":{"rendered":"https:\/\/cpm-precision.de\/?page_id=63499"},"modified":"2024-10-24T11:37:41","modified_gmt":"2024-10-24T09:37:41","slug":"legal-notice","status":"publish","type":"page","link":"https:\/\/cpm-precision.de\/en\/legal-notice\/","title":{"rendered":"Legal Notice"},"content":{"rendered":"<p>[et_pb_section fb_built=&#8221;1&#8243; module_class=&#8221;main_secondary_header&#8221; _builder_version=&#8221;4.24.3&#8243; _module_preset=&#8221;default&#8221; background_color=&#8221;rgba(58,59,56,0.5)&#8221; background_image=&#8221;https:\/\/cpm-precision.de\/wp-content\/uploads\/2024\/04\/CPM-Precision-GmbH.jpg&#8221; background_blend=&#8221;multiply&#8221; locked=&#8221;off&#8221; global_colors_info=&#8221;{}&#8221;][et_pb_row _builder_version=&#8221;4.18.0&#8243; _module_preset=&#8221;default&#8221; global_colors_info=&#8221;{}&#8221;][et_pb_column type=&#8221;4_4&#8243; _builder_version=&#8221;4.18.0&#8243; _module_preset=&#8221;default&#8221; global_colors_info=&#8221;{}&#8221;][et_pb_text module_class=&#8221;common_htags mb10 white_text text_center&#8221; _builder_version=&#8221;4.25.0&#8243; _module_preset=&#8221;default&#8221; locked=&#8221;off&#8221; global_colors_info=&#8221;{}&#8221;]<\/p>\n<h1>Legal Notice<\/h1>\n<p>[\/et_pb_text][\/et_pb_column][\/et_pb_row][\/et_pb_section][et_pb_section fb_built=&#8221;1&#8243; module_class=&#8221;pb0&#8243; _builder_version=&#8221;4.26.1&#8243; _module_preset=&#8221;default&#8221; hover_enabled=&#8221;0&#8243; global_colors_info=&#8221;{}&#8221; sticky_enabled=&#8221;0&#8243;][et_pb_row _builder_version=&#8221;4.26.1&#8243; _module_preset=&#8221;default&#8221; global_colors_info=&#8221;{}&#8221;][et_pb_column type=&#8221;4_4&#8243; _builder_version=&#8221;4.26.1&#8243; _module_preset=&#8221;default&#8221; global_colors_info=&#8221;{}&#8221;][et_pb_code _builder_version=&#8221;4.26.1&#8243; _module_preset=&#8221;default&#8221; global_colors_info=&#8221;{}&#8221;]<\/p>\n<div class=\"breadCrumbs\"><!-- [et_pb_line_break_holder] -->  <\/p>\n<div class=\"b-link\"><a href=\"\/en\/\" class=\"home_page\">Home<\/a><!-- [et_pb_line_break_holder] -->    <span class=\"seperator\">\u00bb<\/span><span>Legal Notice<\/span><!-- [et_pb_line_break_holder] -->  <\/div>\n<p><!-- [et_pb_line_break_holder] --><\/div>\n<p>[\/et_pb_code][\/et_pb_column][\/et_pb_row][\/et_pb_section][et_pb_section fb_built=&#8221;1&#8243; disabled_on=&#8221;off|off|off&#8221; module_class=&#8221;common_htags terms_span_bold pt0&#8243; _builder_version=&#8221;4.26.1&#8243; hover_enabled=&#8221;0&#8243; global_colors_info=&#8221;{}&#8221; sticky_enabled=&#8221;0&#8243;][et_pb_row _builder_version=&#8221;4.24.3&#8243; global_colors_info=&#8221;{}&#8221;][et_pb_column type=&#8221;4_4&#8243; _builder_version=&#8221;4.16&#8243; custom_padding=&#8221;|||&#8221; global_colors_info=&#8221;{}&#8221; custom_padding__hover=&#8221;|||&#8221;][et_pb_code _builder_version=&#8221;4.25.1&#8243; _module_preset=&#8221;default&#8221; global_colors_info=&#8221;{}&#8221;]<\/p>\n<h2>Legal Notice<\/h2>\n<p><!-- [et_pb_line_break_holder] --><!-- [et_pb_line_break_holder] --><pee>CPM Precision GmbH<!\u2013- [et_pb_br_holder] -\u2013><!-- [et_pb_line_break_holder] -->Im Rott 6-10<!\u2013- [et_pb_br_holder] -\u2013><!-- [et_pb_line_break_holder] -->69493 Hirschberg an der Bergstra\u00dfe<\/pee><!-- [et_pb_line_break_holder] --><!-- [et_pb_line_break_holder] --><pee>Commercial Register: 705013<!\u2013- [et_pb_br_holder] -\u2013><!-- [et_pb_line_break_holder] -->Registration court: Amtsgericht Mannheim<\/pee><!-- [et_pb_line_break_holder] --><!-- [et_pb_line_break_holder] --><pee><strong>Represented by:<\/strong><!\u2013- [et_pb_br_holder] -\u2013><!-- [et_pb_line_break_holder] -->Christian Kick, J\u00fcrgen Henrich<\/pee><!-- [et_pb_line_break_holder] --><!-- [et_pb_line_break_holder] --><\/p>\n<h2>Contact<\/h2>\n<p><!-- [et_pb_line_break_holder] --><pee>Phone: 06201 844 38 0<!\u2013- [et_pb_br_holder] -\u2013><!-- [et_pb_line_break_holder] -->Telefax: 06201 844 38 23<!\u2013- [et_pb_br_holder] -\u2013><!-- [et_pb_line_break_holder] -->E-mail: info@cpm-precision.de<\/pee><!-- [et_pb_line_break_holder] --><!-- [et_pb_line_break_holder] --><\/p>\n<h2>VAT ID<\/h2>\n<p><!-- [et_pb_line_break_holder] --><pee>Sales tax identification number according to Sect. 27 a of the Sales Tax Law:<!\u2013- [et_pb_br_holder] -\u2013><!-- [et_pb_line_break_holder] -->DE261628516<\/pee><!-- [et_pb_line_break_holder] --><!-- [et_pb_line_break_holder] --><\/p>\n<h2>Person responsible for editorial<\/h2>\n<p><!-- [et_pb_line_break_holder] --><pee>Victoria Back<!\u2013- [et_pb_br_holder] -\u2013><!-- [et_pb_line_break_holder] -->Im Rott 6-10<!\u2013- [et_pb_br_holder] -\u2013><!-- [et_pb_line_break_holder] -->69493 Hirschberg an der Bergstra\u00dfe<\/pee><!-- [et_pb_line_break_holder] --><!-- [et_pb_line_break_holder] --><\/p>\n<h2>Dispute resolution proceedings in front of a consumer arbitration board<\/h2>\n<p><!-- [et_pb_line_break_holder] --><pee>We are not willing or obliged to participate in dispute resolution proceedings in front of a consumer arbitration board.<\/pee>[\/et_pb_code][et_pb_text module_class=&#8221;mb0&#8243; _builder_version=&#8221;4.25.0&#8243; _module_preset=&#8221;default&#8221; global_colors_info=&#8221;{}&#8221;]<\/p>\n<h2>Sources for the images and graphics<\/h2>\n<p>Sebastian Heck Photography |\u00a0<a title=\"\u200c\" href=\"https:\/\/cpm-precision.de\/impressum\/sebastianheck.com\" target=\"_blank\" rel=\"nofollow noopener noreferrer ugc\">sebastianheck.com<\/a><\/p>\n<p>[\/et_pb_text][\/et_pb_column][\/et_pb_row][\/et_pb_section][et_pb_section fb_built=&#8221;1&#8243; fullwidth=&#8221;on&#8221; module_class=&#8221;lastrow_mobile_section_only&#8221; _builder_version=&#8221;4.24.3&#8243; _module_preset=&#8221;default&#8221; locked=&#8221;off&#8221; global_colors_info=&#8221;{}&#8221;][et_pb_fullwidth_image src=&#8221;https:\/\/cpm-precision.de\/wp-content\/uploads\/2024\/04\/lastrow_image_2.jpg&#8221; title_text=&#8221;lastrow_image_2&#8243; _builder_version=&#8221;4.24.3&#8243; _module_preset=&#8221;default&#8221; global_colors_info=&#8221;{}&#8221;][\/et_pb_fullwidth_image][\/et_pb_section][et_pb_section fb_built=&#8221;1&#8243; module_class=&#8221;footer_Top_section pt60 pb60 footer_cta_section common_htags&#8221; _builder_version=&#8221;4.25.0&#8243; _module_preset=&#8221;default&#8221; background_enable_color=&#8221;off&#8221; use_background_color_gradient=&#8221;on&#8221; background_color_gradient_direction=&#8221;270deg&#8221; background_color_gradient_stops=&#8221;#5a5d5e 45%|rgba(90,93,94,0) 100%&#8221; background_color_gradient_overlays_image=&#8221;on&#8221; background_image=&#8221;\/wp-content\/uploads\/2024\/04\/Karriere-bei-CPM-Precision-GmbH-scaled.jpg&#8221; background_position=&#8221;top_center&#8221; width=&#8221;100%&#8221; max_width=&#8221;100%&#8221; locked=&#8221;off&#8221; global_colors_info=&#8221;{}&#8221;][et_pb_row column_structure=&#8221;2_5,3_5&#8243; module_class=&#8221;footer_Top_section_row&#8221; _builder_version=&#8221;4.24.2&#8243; _module_preset=&#8221;default&#8221; global_colors_info=&#8221;{}&#8221;][et_pb_column type=&#8221;2_5&#8243; module_class=&#8221;image_section&#8221; _builder_version=&#8221;4.24.2&#8243; _module_preset=&#8221;default&#8221; background_enable_image=&#8221;off&#8221; global_colors_info=&#8221;{}&#8221;][\/et_pb_column][et_pb_column type=&#8221;3_5&#8243; _builder_version=&#8221;4.24.2&#8243; _module_preset=&#8221;default&#8221; global_colors_info=&#8221;{}&#8221;][et_pb_text module_class=&#8221;white_text mb0 pb20&#8243; _builder_version=&#8221;4.25.0&#8243; _module_preset=&#8221;default&#8221; global_colors_info=&#8221;{}&#8221;]<\/p>\n<h2><strong>Get in touch with our team to discuss your request<\/strong><\/h2>\n<p>[\/et_pb_text][et_pb_text module_class=&#8221;white_text&#8221; _builder_version=&#8221;4.25.0&#8243; _module_preset=&#8221;default&#8221; global_colors_info=&#8221;{}&#8221;]<\/p>\n<p>We will show you how our precision work can make your medical technology projects a success. From an innovative development service and efficient production, through individual, valid surface treatment to the sterile packaged end product &#8211; with us you get everything from a single source. <\/p>\n<p>[\/et_pb_text][et_pb_blurb title=&#8221;Contact us&#8221; image=&#8221;https:\/\/cpm-precision.de\/wp-content\/uploads\/2022\/10\/Vector.png&#8221; icon_placement=&#8221;left&#8221; module_class=&#8221;senden_blurb text_left&#8221; _builder_version=&#8221;4.25.0&#8243; _module_preset=&#8221;default&#8221; header_level=&#8221;h3&#8243; link_option_url=&#8221;\/en\/contact\/&#8221; locked=&#8221;off&#8221; global_colors_info=&#8221;{}&#8221;][\/et_pb_blurb][\/et_pb_column][\/et_pb_row][\/et_pb_section]<\/p>\n","protected":false},"excerpt":{"rendered":"<p>Legal NoticeSources for the images and graphics Sebastian Heck Photography |\u00a0sebastianheck.comGet in touch with our team to discuss your requestWe will show you how our precision work can make your medical technology projects a success. From an innovative development service and efficient production, through individual, valid surface treatment to the sterile packaged end product &#8211; [&hellip;]<\/p>\n","protected":false},"author":3,"featured_media":0,"parent":0,"menu_order":0,"comment_status":"closed","ping_status":"closed","template":"","meta":{"_et_pb_use_builder":"on","_et_pb_old_content":"[et_pb_section fb_built=\"1\" module_class=\"main_secondary_header\" _builder_version=\"4.24.3\" _module_preset=\"default\" background_color=\"rgba(58,59,56,0.5)\" background_image=\"https:\/\/cpm-precision.de\/wp-content\/uploads\/2024\/04\/CPM-Precision-GmbH.jpg\" background_blend=\"multiply\" locked=\"off\" global_colors_info=\"{}\"][et_pb_row _builder_version=\"4.18.0\" _module_preset=\"default\" global_colors_info=\"{}\"][et_pb_column type=\"4_4\" _builder_version=\"4.18.0\" _module_preset=\"default\" global_colors_info=\"{}\"][et_pb_text module_class=\"common_htags mb10 white_text text_center\" _builder_version=\"4.18.0\" _module_preset=\"default\" locked=\"off\" global_colors_info=\"{}\"]<h1>Impressum<\/h1>[\/et_pb_text][\/et_pb_column][\/et_pb_row][\/et_pb_section][et_pb_section fb_built=\"1\" disabled_on=\"off|off|off\" module_class=\"common_htags terms_span_bold\" _builder_version=\"4.24.3\" global_colors_info=\"{}\"][et_pb_row _builder_version=\"4.24.3\" global_colors_info=\"{}\"][et_pb_column type=\"4_4\" _builder_version=\"4.16\" custom_padding=\"|||\" global_colors_info=\"{}\" custom_padding__hover=\"|||\"][et_pb_code _builder_version=\"4.25.0\" _module_preset=\"default\" global_colors_info=\"{}\"]<h2>Impressum<\/h2><!-- [et_pb_line_break_holder] --><p>CPM Precision GmbH<br \/><!-- [et_pb_line_break_holder] -->Im Rott 6-10<br \/><!-- [et_pb_line_break_holder] -->69493 Hirschberg an der Bergstra\u00dfe<\/p><!-- [et_pb_line_break_holder] --><!-- [et_pb_line_break_holder] --><p>Handelsregister: 705013<br \/><!-- [et_pb_line_break_holder] -->Registergericht: Amtsgericht Mannheim<\/p><!-- [et_pb_line_break_holder] --><!-- [et_pb_line_break_holder] --><p><strong>Vertreten durch:<\/strong><br \/><!-- [et_pb_line_break_holder] -->Christian Kick, J\u00fcrgen Henrich<\/p><!-- [et_pb_line_break_holder] --><!-- [et_pb_line_break_holder] --><h2>Kontakt<\/h2><!-- [et_pb_line_break_holder] --><p>Telefon: 06201 844 38 0<br \/><!-- [et_pb_line_break_holder] -->Telefax: 06201 844 38 23<br \/><!-- [et_pb_line_break_holder] -->E-Mail: info@cpm-precision.de<\/p><!-- [et_pb_line_break_holder] --><!-- [et_pb_line_break_holder] --><h2>Umsatzsteuer-ID<\/h2><!-- [et_pb_line_break_holder] --><p>Umsatzsteuer-Identifikationsnummer gem\u00e4\u00df \u00a7 27 a Umsatzsteuergesetz:<br \/><!-- [et_pb_line_break_holder] -->DE261628516<\/p><!-- [et_pb_line_break_holder] --><!-- [et_pb_line_break_holder] --><h2>Redaktionell verantwortlich<\/h2><!-- [et_pb_line_break_holder] --><p>Victoria Back<br \/><!-- [et_pb_line_break_holder] -->Im Rott 6-10<br \/><!-- [et_pb_line_break_holder] -->69493 Hirschberg an der Bergstra\u00dfe<\/p><!-- [et_pb_line_break_holder] --><!-- [et_pb_line_break_holder] --><h2>Verbraucher\u00adstreit\u00adbeilegung\/Universal\u00adschlichtungs\u00adstelle<\/h2><!-- [et_pb_line_break_holder] --><p>Wir sind nicht bereit oder verpflichtet, an Streitbeilegungsverfahren vor einer Verbraucherschlichtungsstelle teilzunehmen.<\/p>[\/et_pb_code][et_pb_text module_class=\"mb0\" _builder_version=\"4.25.0\" _module_preset=\"default\" global_colors_info=\"{}\"]<h2>Quellenangaben f\u00fcr die verwendeten Bilder und Grafiken<\/h2>\r\n<p>Sebastian Heck Photography |\u00a0<a title=\"\u200c\" href=\"https:\/\/cpm-precision.de\/impressum\/sebastianheck.com\" target=\"_blank\" rel=\"nofollow noopener noreferrer ugc\">sebastianheck.com<\/a><\/p>[\/et_pb_text][et_pb_code _builder_version=\"4.25.0\" _module_preset=\"default\" custom_margin=\"100px||||false|false\" global_colors_info=\"{}\"]<h2>Site Notice<\/h2><!-- [et_pb_line_break_holder] --><!-- [et_pb_line_break_holder] --><p>CPM Precision GmbH<br \/><!-- [et_pb_line_break_holder] -->Im Rott 6-10<br \/><!-- [et_pb_line_break_holder] -->69493 Hirschberg an der Bergstra\u00dfe<\/p><!-- [et_pb_line_break_holder] --><!-- [et_pb_line_break_holder] --><p>Commercial Register: 705013<br \/><!-- [et_pb_line_break_holder] -->Registration court: Amtsgericht Mannheim<\/p><!-- [et_pb_line_break_holder] --><!-- [et_pb_line_break_holder] --><p><strong>Represented by:<\/strong><br \/><!-- [et_pb_line_break_holder] -->Christian Kick, J\u00fcrgen Henrich<\/p><!-- [et_pb_line_break_holder] --><!-- [et_pb_line_break_holder] --><h2>Contact<\/h2><!-- [et_pb_line_break_holder] --><p>Phone: 06201 844 38 0<br \/><!-- [et_pb_line_break_holder] -->Telefax: 06201 844 38 23<br \/><!-- [et_pb_line_break_holder] -->E-mail: info@cpm-precision.de<\/p><!-- [et_pb_line_break_holder] --><!-- [et_pb_line_break_holder] --><h2>VAT ID<\/h2><!-- [et_pb_line_break_holder] --><p>Sales tax identification number according to Sect. 27 a of the Sales Tax Law:<br \/><!-- [et_pb_line_break_holder] -->DE261628516<\/p><!-- [et_pb_line_break_holder] --><!-- [et_pb_line_break_holder] --><h2>Person responsible for editorial<\/h2><!-- [et_pb_line_break_holder] --><p>Victoria Back<br \/><!-- [et_pb_line_break_holder] -->Im Rott 6-10<br \/><!-- [et_pb_line_break_holder] -->69493 Hirschberg an der Bergstra\u00dfe<\/p><!-- [et_pb_line_break_holder] --><!-- [et_pb_line_break_holder] --><h2>Dispute resolution proceedings in front of a consumer arbitration board<\/h2><!-- [et_pb_line_break_holder] --><p>We are not willing or obliged to participate in dispute resolution proceedings in front of a consumer arbitration board.<\/p>[\/et_pb_code][et_pb_text module_class=\"mb0\" _builder_version=\"4.25.0\" _module_preset=\"default\" global_colors_info=\"{}\"]<h2>Sources for the images and graphics<\/h2>\r\n<p>Sebastian Heck Photography |\u00a0<a title=\"\u200c\" href=\"https:\/\/cpm-precision.de\/impressum\/sebastianheck.com\" target=\"_blank\" rel=\"nofollow noopener noreferrer ugc\">sebastianheck.com<\/a><\/p>[\/et_pb_text][\/et_pb_column][\/et_pb_row][\/et_pb_section][et_pb_section fb_built=\"1\" fullwidth=\"on\" module_class=\"lastrow_mobile_section_only\" _builder_version=\"4.24.3\" _module_preset=\"default\" locked=\"off\" global_colors_info=\"{}\"][et_pb_fullwidth_image src=\"https:\/\/cpm-precision.de\/wp-content\/uploads\/2024\/04\/lastrow_image_2.jpg\" title_text=\"lastrow_image_2\" _builder_version=\"4.24.3\" _module_preset=\"default\" global_colors_info=\"{}\"][\/et_pb_fullwidth_image][\/et_pb_section][et_pb_section fb_built=\"1\" module_class=\"footer_Top_section pt60 pb60 footer_cta_section common_htags\" _builder_version=\"4.25.0\" _module_preset=\"default\" background_enable_color=\"off\" use_background_color_gradient=\"on\" background_color_gradient_direction=\"270deg\" background_color_gradient_stops=\"#5a5d5e 45%|rgba(90,93,94,0) 100%\" background_color_gradient_overlays_image=\"on\" background_image=\"\/wp-content\/uploads\/2024\/04\/Karriere-bei-CPM-Precision-GmbH-scaled.jpg\" background_position=\"top_center\" width=\"100%\" max_width=\"100%\" locked=\"off\" global_colors_info=\"{}\"][et_pb_row column_structure=\"2_5,3_5\" module_class=\"footer_Top_section_row\" _builder_version=\"4.24.2\" _module_preset=\"default\" global_colors_info=\"{}\"][et_pb_column type=\"2_5\" module_class=\"image_section\" _builder_version=\"4.24.2\" _module_preset=\"default\" background_enable_image=\"off\" global_colors_info=\"{}\"][\/et_pb_column][et_pb_column type=\"3_5\" _builder_version=\"4.24.2\" _module_preset=\"default\" global_colors_info=\"{}\"][et_pb_text module_class=\"white_text mb0 pb20\" _builder_version=\"4.25.0\" _module_preset=\"default\" hover_enabled=\"0\" global_colors_info=\"{}\" sticky_enabled=\"0\"]<h2><strong>Setzen Sie sich mit unserem Team in Verbindung, um Ihre Anfrage zu besprechen<\/strong><\/h2>[\/et_pb_text][et_pb_text module_class=\"white_text\" _builder_version=\"4.24.3\" _module_preset=\"default\" global_colors_info=\"{}\"]<p><span>Wir zeigen Ihnen auf, wie unsere Pr\u00e4zisionsarbeit Ihre medizintechnischen Projekte zum Erfolg f\u00fchrt. Von einer innovativen Entwicklungsdienstleistung sowie einer effizienten Fertigung, \u00fcber eine individuelle, valide Oberfl\u00e4chenbehandlung hin zum steril verpackten Endprodukt \u2013 Bei uns erhalten Sie alles aus einer Hand. <\/span><\/p>[\/et_pb_text][et_pb_blurb title=\"Kontakt aufnehmen!\" image=\"https:\/\/cpm-precision.de\/wp-content\/uploads\/2022\/10\/Vector.png\" icon_placement=\"left\" module_class=\"senden_blurb text_left\" _builder_version=\"4.25.0\" _module_preset=\"default\" header_level=\"h3\" link_option_url=\"\/kontakt\/\" locked=\"off\" global_colors_info=\"{}\"][\/et_pb_blurb][\/et_pb_column][\/et_pb_row][\/et_pb_section]","_et_gb_content_width":"","footnotes":""},"class_list":["post-63499","page","type-page","status-publish","hentry"],"_links":{"self":[{"href":"https:\/\/cpm-precision.de\/en\/wp-json\/wp\/v2\/pages\/63499","targetHints":{"allow":["GET"]}}],"collection":[{"href":"https:\/\/cpm-precision.de\/en\/wp-json\/wp\/v2\/pages"}],"about":[{"href":"https:\/\/cpm-precision.de\/en\/wp-json\/wp\/v2\/types\/page"}],"author":[{"embeddable":true,"href":"https:\/\/cpm-precision.de\/en\/wp-json\/wp\/v2\/users\/3"}],"replies":[{"embeddable":true,"href":"https:\/\/cpm-precision.de\/en\/wp-json\/wp\/v2\/comments?post=63499"}],"version-history":[{"count":12,"href":"https:\/\/cpm-precision.de\/en\/wp-json\/wp\/v2\/pages\/63499\/revisions"}],"predecessor-version":[{"id":64750,"href":"https:\/\/cpm-precision.de\/en\/wp-json\/wp\/v2\/pages\/63499\/revisions\/64750"}],"wp:attachment":[{"href":"https:\/\/cpm-precision.de\/en\/wp-json\/wp\/v2\/media?parent=63499"}],"curies":[{"name":"wp","href":"https:\/\/api.w.org\/{rel}","templated":true}]}}